{"id":232,"date":"2022-10-07T14:30:26","date_gmt":"2022-10-07T14:30:26","guid":{"rendered":"https:\/\/attention-project.eu\/?page_id=232"},"modified":"2022-10-13T11:38:24","modified_gmt":"2022-10-13T11:38:24","slug":"impressum","status":"publish","type":"page","link":"https:\/\/attention-project.eu\/de\/impressum\/","title":{"rendered":"Impressum"},"content":{"rendered":"<p>Anbieter dieser Internetseiten ist das ATTENTION!-Konsortium, vertreten durch:<\/p>\n\n\n\n<figure class=\"wp-block-table\"><table><tbody><tr><td><strong>Forschungszentrum L3S<\/strong><\/td><td>Appelstra\u00dfe 9a<br>30167 Hannover<br>Tel. +49 511 762 &#8211; 17715<br>Fax +49 511 762 &#8211; 17779<\/td><\/tr><tr><td>Vertreten durch:<\/td><td>Prof. Dr. Wolfgang Nejdl (Direktor)<br>Dr. Claudia Nieder\u00e9e (Gesch\u00e4ftsf\u00fchrende Direktorin)<\/td><\/tr><tr><td><strong>Gottfried Wilhelm Leibniz<br>Universit\u00e4t Hannover<\/strong><\/td><td>Welfengarten 1<br>30167 Hannover<br>Tel. +49 511 762-0<br>Fax +49 511 762-3456<\/td><\/tr><tr><td>Vertreten durch:<\/td><td>Pr\u00e4sident der Leibniz Universit\u00e4t Hannover<\/td><\/tr><tr><td><strong>Technische Realisierung<\/strong><\/td><td>Forschungszentrum L3S \/ IT Team<br>Webdesign und Implementierung via WordPress<\/td><\/tr><\/tbody><\/table><\/figure>\n\n\n\n<p>Die Gottfried Wilhelm Leibniz Universit\u00e4t Hannover ist eine K\u00f6rperschaft des \u00f6ffentlichen Rechts. Sie wird durch den Pr\u00e4sidenten Prof. Dr. iur. Volker Epping gesetzlich vertreten.<br>Zust\u00e4ndige Aufsichtsbeh\u00f6rde: Nieders\u00e4chsisches Ministerium f\u00fcr Wissenschaft und Kultur, Leibnizufer 9, 30169 Hannover<br>Umsatzsteuer-Identifikationsnummer gem\u00e4\u00df \u00a7 27a Umsatzsteuergesetz: DE 811 245 527<\/p>\n\n\n\n<p><\/p>","protected":false},"excerpt":{"rendered":"<p>The provider of this website is the ATTENTION! consortium, represented by: Forschungszentrum L3S Appelstra\u00dfe 9a30167 HannoverTel. +49 511 762 &#8211; [&hellip;]<\/p>","protected":false},"author":2,"featured_media":0,"parent":0,"menu_order":0,"comment_status":"closed","ping_status":"closed","template":"page-fullwidth","meta":{"footnotes":""},"class_list":["post-232","page","type-page","status-publish","hentry"],"_links":{"self":[{"href":"https:\/\/attention-project.eu\/de\/wp-json\/wp\/v2\/pages\/232","targetHints":{"allow":["GET"]}}],"collection":[{"href":"https:\/\/attention-project.eu\/de\/wp-json\/wp\/v2\/pages"}],"about":[{"href":"https:\/\/attention-project.eu\/de\/wp-json\/wp\/v2\/types\/page"}],"author":[{"embeddable":true,"href":"https:\/\/attention-project.eu\/de\/wp-json\/wp\/v2\/users\/2"}],"replies":[{"embeddable":true,"href":"https:\/\/attention-project.eu\/de\/wp-json\/wp\/v2\/comments?post=232"}],"version-history":[{"count":6,"href":"https:\/\/attention-project.eu\/de\/wp-json\/wp\/v2\/pages\/232\/revisions"}],"predecessor-version":[{"id":268,"href":"https:\/\/attention-project.eu\/de\/wp-json\/wp\/v2\/pages\/232\/revisions\/268"}],"wp:attachment":[{"href":"https:\/\/attention-project.eu\/de\/wp-json\/wp\/v2\/media?parent=232"}],"curies":[{"name":"wp","href":"https:\/\/api.w.org\/{rel}","templated":true}]}}