{"id":3,"date":"2022-08-22T09:27:20","date_gmt":"2022-08-22T09:27:20","guid":{"rendered":"https:\/\/attention-project.eu\/?page_id=3"},"modified":"2022-10-17T17:09:28","modified_gmt":"2022-10-17T17:09:28","slug":"privacy-policy","status":"publish","type":"page","link":"https:\/\/attention-project.eu\/de\/attention\/privacy-policy\/","title":{"rendered":"Datenschutzerkl\u00e4rung"},"content":{"rendered":"<h2 class=\"wp-block-heading\">NAME UND ANSCHRIFT DES VERANTWORTLICHEN<\/h2>\n\n\n\n<p>Der Verantwortliche im Sinne der Datenschutz-Grundverordnung und anderer nationaler Datenschutzgesetze der Mitgliedsstaaten sowie sonstiger datenschutzrechtlicher Bestimmungen ist die:<\/p>\n\n\n\n<p>Gottfried Wilhelm Leibniz Universit\u00e4t Hannover<br>Welfengarten 1<br>30167 Hannover<\/p>\n\n\n\n<p>Tel. +49 511 762 &#8211; 0<br>Fax +49 511 762 &#8211; 3456<br><a href=\"https:\/\/www.uni-hannover.de\">www.uni-hannover.de<\/a><\/p>\n\n\n\n<p>Die Leibniz Universit\u00e4t Hannover ist eine K\u00f6rperschaft des \u00f6ffentlichen Rechts und wird durch den <a href=\"https:\/\/www.uni-hannover.de\/en\/universitaet\/praesidium\/praesident\/\">, Herrn Prof. Dr. iur. Volker Epping gesetzlich vertreten.<\/a>, Herrn Prof. Dr. iur. Volker Epping gesetzlich vertreten.<\/p>\n\n\n\n<h2 class=\"wp-block-heading\">NAME UND ANSCHRIFT DES DATENSCHUTZBEAUFTRAGTEN<\/h2>\n\n\n\n<p>Beh\u00f6rdlicher Datenschutzbeauftragter der Leibniz Universit\u00e4t Hannover:<\/p>\n\n\n\n<p>Gottfried Wilhelm Leibniz Universit\u00e4t Hannover<br>&#8211; Datenschutzbeauftragter &#8211;<br>K\u00f6nigsworther Platz 1<br>D &#8211; 30167 Hannover<\/p>\n\n\n\n<p>Tel. +49 511 762-8132<br>Fax +49 511 762-8258<br>e-mail: datenschutz@uni-hannover.de<\/p>\n\n\n\n<p><a href=\"https:\/\/www.uni-hannover.de\/en\/universitaet\/organisation\/beauftragte-und-vertretungen\/datenschutz\/\">Website<\/a><\/p>\n\n\n\n<h2 class=\"wp-block-heading\">ALLGEMEINES ZUR DATENVERARBEITUNG<\/h2>\n\n\n\n<p>Wir verarbeiten personenbezogene Daten unserer Nutzer grunds\u00e4tzlich nur, soweit dies zur Bereitstellung einer funktionsf\u00e4higen Website sowie unserer Inhalte und Leistungen erforderlich ist.<\/p>\n\n\n\n<p>Soweit einzelne Webauftritte, Webseiten oder Funktionen abweichend von dieser Datenschutzerkl\u00e4rung Verarbeitungen vornehmen, werden die entsprechenden Informationen in einer gesonderten Datenschutzerkl\u00e4rung bereitgestellt.<\/p>\n\n\n\n<h2 class=\"wp-block-heading\">BEREITSTELLUNG DER WEBSITE UND ERSTELLUNG VON LOGFILES<\/h2>\n\n\n\n<p>Bei jedem Aufruf unserer Internetseite erfasst unser System automatisiert Daten und Informationen vom Computersystem des aufrufenden Rechners.<\/p>\n\n\n\n<p>Folgende Daten werden hierbei erhoben:<\/p>\n\n\n\n<ul class=\"wp-block-list\"><li>Informationen \u00fcber den Browsertyp und die verwendete Version<\/li><li>Das Betriebssystem des Nutzers<\/li><li>Den Internet-Service-Provider des Nutzers<\/li><li>Die IP-Adresse des Nutzers<\/li><li>Datum und Uhrzeit des Zugriffs<\/li><li>Websites, von denen das System des Nutzers auf unsere Internetseite gelangt<\/li><li>Websites, die vom System des Nutzers \u00fcber unsere Website aufgerufen werden<\/li><\/ul>\n\n\n\n<p>Die Daten werden ebenfalls in den Logfiles unseres Systems gespeichert. Eine Speicherung dieser Daten zusammen mit anderen personenbezogenen Daten des Nutzers findet nicht statt.<\/p>\n\n\n\n<p>Rechtsgrundlage f\u00fcr die vor\u00fcbergehende Speicherung der Daten und der Logfiles ist Art. 6 Abs. 1 lit. e), Abs. 3 DSGVO i.V.m. \u00a7 3 NDSG und \u00a73 NHG.<\/p>\n\n\n\n<p>Die vor\u00fcbergehende Speicherung der IP-Adresse durch das System ist notwendig, um eine Auslieferung der Website an den Rechner des Nutzers zu erm\u00f6glichen. Hierf\u00fcr muss die IP-Adresse des Nutzers f\u00fcr die Dauer der Sitzung gespeichert bleiben. Die Speicherung in Logfiles erfolgt, um die Funktionsf\u00e4higkeit der Website sicherzustellen. Zudem dienen uns die Daten zur Optimierung der Website und zur Sicherstellung der Sicherheit unserer informationstechnischen Systeme. Eine Auswertung der Daten zu Marketingzwecken findet in diesem Zusammenhang nicht statt.<\/p>\n\n\n\n<p>Die Daten werden gel\u00f6scht, sobald sie f\u00fcr die Erreichung des Zweckes ihrer Erhebung nicht mehr erforderlich sind. Im Falle der Erfassung der Daten zur Bereitstellung der Website ist dies der Fall, wenn die jeweilige Sitzung beendet ist.<\/p>\n\n\n\n<p>Im Falle der Speicherung der Daten in Logfiles ist dies nach sp\u00e4testens sieben Tagen der Fall. Eine dar\u00fcberhinausgehende Speicherung ist m\u00f6glich. In diesem Fall werden die IP-Adressen der Nutzer gel\u00f6scht oder verfremdet, sodass eine Zuordnung des aufrufenden Clients nicht mehr m\u00f6glich ist.<\/p>\n\n\n\n<p>Die Erfassung der Daten zur Bereitstellung der Website und die Speicherung der Daten in Logfiles ist technisch bedingt f\u00fcr den Betrieb der Internetseite zwingend erforderlich.<\/p>\n\n\n\n<h2 class=\"wp-block-heading\">CONTACT<\/h2>\n\n\n\n<p>Eine Kontaktaufnahme \u00fcber die bereitgestellte E-Mail-Adresse ist m\u00f6glich. In diesem Fall werden die mit der E-Mail \u00fcbermittelten personenbezogenen Daten des Nutzers gespeichert. Es erfolgt in diesem Zusammenhang keine Weitergabe der Daten an Dritte. Die Daten werden ausschlie\u00dflich f\u00fcr die Verarbeitung der Konversation verwendet. Rechtsgrundlage f\u00fcr die Verarbeitung der Daten ist bei Vorliegen einer Einwilligung des Nutzers Art. 6 Abs. 1 lit. a) DSGVO. Rechtsgrundlage f\u00fcr die Verarbeitung der Daten, die im Zuge einer \u00dcbersendung einer E-Mail \u00fcbermittelt werden, ist Art. 6 Abs. 1 lit. e), Abs. 3 DSGVO i.V.m. \u00a73 NSDG und \u00a73 NHG. Zielt der E-Mail-Kontakt auf den Abschluss eines Vertrages ab, so ist zus\u00e4tzliche Rechtsgrundlage f\u00fcr die Verarbeitung Art. 6 Abs. 1 lit. b) DSGVO.<\/p>\n\n\n\n<p>Die sonstigen w\u00e4hrend des Absendevorgangs verarbeiteten personenbezogenen Daten dienen dazu, einen Missbrauch zu verhindern und die Sicherheit unserer informationstechnischen Systeme sicherzustellen.<\/p>\n\n\n\n<p>Die Daten werden gel\u00f6scht, sobald sie f\u00fcr die Erreichung des Zweckes ihrer Erhebung nicht mehr erforderlich sind. F\u00fcr die personenbezogenen Daten, die per E-Mail \u00fcbersandt wurden, ist dies dann der Fall, wenn die jeweilige Konversation mit dem Nutzer beendet ist und keine gesetzlichen Aufbewahrungspflichten entgegenstehen. Beendet ist die Konversation dann, wenn sich aus den Umst\u00e4nden entnehmen l\u00e4sst, dass der betroffene Sachverhalt abschlie\u00dfend gekl\u00e4rt ist.<\/p>\n\n\n\n<p>Die w\u00e4hrend des Absendevorgangs zus\u00e4tzlich erhobenen personenbezogenen Daten werden sp\u00e4testens nach einer Frist von sieben Tagen gel\u00f6scht.<\/p>\n\n\n\n<p>Der Nutzer hat jederzeit die M\u00f6glichkeit, seine Einwilligung zur Verarbeitung der personenbezogenen Daten zu widerrufen. Nimmt der Nutzer per E-Mail Kontakt mit uns auf, so kann er der Speicherung seiner personenbezogenen Daten jederzeit widersprechen. In einem solchen Fall kann die Konversation nicht fortgef\u00fchrt werden. Alle personenbezogenen Daten, die im Zuge der Kontaktaufnahme gespeichert wurden, werden in diesem Fall gel\u00f6scht, soweit keine gesetzlichen Aufbewahrungspflichten entgegenstehen.\"<\/p>\n\n\n\n<h2 class=\"wp-block-heading\">COOKIES<\/h2>\n\n\n\n<p>Dieser Webauftritt verwendet keine Cookies.<\/p>\n\n\n\n<h2 class=\"wp-block-heading\">RECHTE DER BETROFFENEN PERSON<\/h2>\n\n\n\n<p>Werden personenbezogene Daten von Ihnen verarbeitet, sind Sie Betroffener i.S.d. DSGVO und es stehen Ihnen bei Vorliegen der gesetzlichen Voraussetzungen folgende Rechte gegen\u00fcber dem Verantwortlichen zu:<\/p>\n\n\n\n<ul class=\"wp-block-list\"><li>Auskunftsrecht gem\u00e4\u00df Art. 15 DSGVO<\/li><li>Recht auf Berichtigung gem\u00e4\u00df Art. 16 DSGVO<\/li><li>Recht auf Einschr\u00e4nkung der Verarbeitung gem\u00e4\u00df Art. 18 DSGVO<\/li><li>Recht auf L\u00f6schung gem\u00e4\u00df Art. 17 DSGVO<\/li><li>Recht auf Unterrichtung gem\u00e4\u00df Art. 19 DSGVO<\/li><li>Recht auf Daten\u00fcbertragbarkeit gem\u00e4\u00df Art. 20 DSGVO<\/li><li>Widerspruchsrecht gem\u00e4\u00df Art. 21 DSGVO<br>Zudem haben Sie das Recht der Datenverarbeitung jederzeit zu widersprechen. Wir werden Ihre Daten dann nicht mehr verarbeiten, au\u00dfer es bestehen zwingende schutzw\u00fcrdige Gr\u00fcnde f\u00fcr die Verarbeitung oder die Verarbeitung dient der Geltendmachung, Aus\u00fcbung oder Verteidigung von Rechtsanspr\u00fcchen. Sollten Sie von den genannten Rechten Gebrauch machen, pr\u00fcft die Verantwortliche, ob die gesetzlichen Voraussetzungen vorliegen.<\/li><li>Recht auf Widerruf der datenschutzrechtlichen Einwilligungserkl\u00e4rung gem\u00e4\u00df Art. 7 Abs. 3 DSGVO<br>Sie haben das Recht, Ihre datenschutzrechtliche Einwilligungserkl\u00e4rung jederzeit zu widerrufen. Durch den Widerruf der Einwilligung wird die Rechtm\u00e4\u00dfigkeit der aufgrund der Einwilligung bis zum Widerruf erfolgten Verarbeitung nicht ber\u00fchrt.<\/li><li>Recht auf Beschwerde bei einer Aufsichtsbeh\u00f6rde<br>Unbeschadet eines anderweitigen verwaltungsrechtlichen oder gerichtlichen Rechtsbehelfs steht Ihnen das Recht auf Beschwerde bei einer Aufsichtsbeh\u00f6rde, insbesondere in dem Mitgliedstaat ihres Aufenthaltsorts, ihres Arbeitsplatzes oder des Orts des mutma\u00dflichen Versto\u00dfes, zu, wenn Sie der Ansicht sind, dass die Verarbeitung der Sie betreffenden personenbezogenen Daten gegen die DSGVO verst\u00f6\u00dft.<\/li><\/ul>\n\n\n\n<hr class=\"wp-block-separator has-alpha-channel-opacity\"\/>\n\n\n\n<p>Die Landesbeauftragte f\u00fcr den Datenschutz in Niedersachsen<br>Prinzenstr. 5<br>30159 Hannover<br>Tel. +49 511 120 &#8211; 4500<br>Fax +49 511 120 &#8211; 4599<br>E-Mail: <a href=\"mailto:poststelle@lfd.niedersachsen.de\">poststelle@lfd.niedersachsen.de<\/a><\/p>","protected":false},"excerpt":{"rendered":"<p>NAME AND ADDRESS OF THE DATA CONTROLLER Within the meaning of the General Data Protection Regulation (GDPR) and other German [&hellip;]<\/p>","protected":false},"author":1,"featured_media":0,"parent":46,"menu_order":0,"comment_status":"closed","ping_status":"open","template":"page-fullwidth","meta":{"footnotes":""},"class_list":["post-3","page","type-page","status-publish","hentry"],"_links":{"self":[{"href":"https:\/\/attention-project.eu\/de\/wp-json\/wp\/v2\/pages\/3","targetHints":{"allow":["GET"]}}],"collection":[{"href":"https:\/\/attention-project.eu\/de\/wp-json\/wp\/v2\/pages"}],"about":[{"href":"https:\/\/attention-project.eu\/de\/wp-json\/wp\/v2\/types\/page"}],"author":[{"embeddable":true,"href":"https:\/\/attention-project.eu\/de\/wp-json\/wp\/v2\/users\/1"}],"replies":[{"embeddable":true,"href":"https:\/\/attention-project.eu\/de\/wp-json\/wp\/v2\/comments?post=3"}],"version-history":[{"count":9,"href":"https:\/\/attention-project.eu\/de\/wp-json\/wp\/v2\/pages\/3\/revisions"}],"predecessor-version":[{"id":277,"href":"https:\/\/attention-project.eu\/de\/wp-json\/wp\/v2\/pages\/3\/revisions\/277"}],"up":[{"embeddable":true,"href":"https:\/\/attention-project.eu\/de\/wp-json\/wp\/v2\/pages\/46"}],"wp:attachment":[{"href":"https:\/\/attention-project.eu\/de\/wp-json\/wp\/v2\/media?parent=3"}],"curies":[{"name":"wp","href":"https:\/\/api.w.org\/{rel}","templated":true}]}}