{"id":32,"date":"2022-08-22T16:30:04","date_gmt":"2022-08-22T16:30:04","guid":{"rendered":"https:\/\/attention-project.eu\/?page_id=32"},"modified":"2023-11-23T20:54:51","modified_gmt":"2023-11-23T20:54:51","slug":"project-partners","status":"publish","type":"page","link":"https:\/\/attention-project.eu\/de\/attention\/project-partners\/","title":{"rendered":"Projektpartner"},"content":{"rendered":"<div class=\"wp-block-columns is-layout-flex wp-container-core-columns-is-layout-28f84493 wp-block-columns-is-layout-flex\">\n<div class=\"wp-block-column is-layout-flow wp-block-column-is-layout-flow\" style=\"flex-basis:75%\">\n<p><a rel=\"noreferrer noopener\" href=\"https:\/\/www.risikotek.com\/\" data-type=\"URL\" data-id=\"https:\/\/www.risikotek.com\/\" target=\"_blank\"><strong>Risikotek<\/strong><\/a> ist ein preisgekr\u00f6ntes Software- und Dienstleistungsunternehmen, das sich auf die Aufkl\u00e4rung von Finanzkriminalit\u00e4t und Verst\u00f6\u00dfen wie F\u00e4lschungen, verbotener Handel, Menschenschmuggel und Umweltverbrechen spezialisiert hat.<\/p>\n\n\n\n<p>RisikoTek f\u00fchrt das weltweite ATTENTION! Konsortium und steuert seine Expertise im Bereich der Finanzkriminalit\u00e4t bei.<\/p>\n<\/div>\n\n\n\n<div class=\"wp-block-column is-vertically-aligned-center is-layout-flow wp-block-column-is-layout-flow\" style=\"flex-basis:25%\">\n<figure class=\"wp-block-image alignright size-full is-resized is-style-default risikotek-logo\"><img loading=\"lazy\" decoding=\"async\" width=\"399\" height=\"80\" src=\"https:\/\/attention-project.eu\/wp-content\/uploads\/2022\/08\/logo_risikotek.png\" alt=\"\" class=\"wp-image-33\" style=\"width:163px;height:32px\" srcset=\"https:\/\/attention-project.eu\/wp-content\/uploads\/2022\/08\/logo_risikotek.png 399w, https:\/\/attention-project.eu\/wp-content\/uploads\/2022\/08\/logo_risikotek-300x60.png 300w, https:\/\/attention-project.eu\/wp-content\/uploads\/2022\/08\/logo_risikotek-18x4.png 18w\" sizes=\"auto, (max-width: 399px) 100vw, 399px\" \/><\/figure>\n<\/div>\n<\/div>\n\n\n\n<hr class=\"wp-block-separator has-alpha-channel-opacity\"\/>\n\n\n\n<div class=\"wp-block-columns is-layout-flex wp-container-core-columns-is-layout-28f84493 wp-block-columns-is-layout-flex\">\n<div class=\"wp-block-column is-layout-flow wp-block-column-is-layout-flow\" style=\"flex-basis:75%\">\n<p>Das <a rel=\"noreferrer noopener\" href=\"https:\/\/www.l3s.de\/\" data-type=\"URL\" data-id=\"https:\/\/www.l3s.de\/\" target=\"_blank\"><strong>L3S Research Center<\/strong><\/a> ist ein f\u00fchrendes Forschungsinstitut im Bereich k\u00fcnstlicher intelligenz. \u00dcber 30 Professoren und mehr als 200 Wissenschaftler arbeiten beim L3S.  <\/p>\n\n\n\n<p>Das L3S ist der Leiter des deutschen ATTENTION! Konsortiums und fokussiert sich auf die Entwicklung des Knowledge Graphen sowie der Analyse von Unternehmens- und Handelsdaten.<\/p>\n<\/div>\n\n\n\n<div class=\"wp-block-column is-vertically-aligned-center is-layout-flow wp-block-column-is-layout-flow\" style=\"flex-basis:25%\">\n<figure class=\"wp-block-image alignright size-large\"><img loading=\"lazy\" decoding=\"async\" width=\"1024\" height=\"631\" src=\"https:\/\/attention-project.eu\/wp-content\/uploads\/2023\/08\/logo_2023_black-1024x631.png\" alt=\"\" class=\"wp-image-306\" srcset=\"https:\/\/attention-project.eu\/wp-content\/uploads\/2023\/08\/logo_2023_black-1024x631.png 1024w, https:\/\/attention-project.eu\/wp-content\/uploads\/2023\/08\/logo_2023_black-300x185.png 300w, https:\/\/attention-project.eu\/wp-content\/uploads\/2023\/08\/logo_2023_black-768x473.png 768w, https:\/\/attention-project.eu\/wp-content\/uploads\/2023\/08\/logo_2023_black-18x12.png 18w, https:\/\/attention-project.eu\/wp-content\/uploads\/2023\/08\/logo_2023_black.png 1048w\" sizes=\"auto, (max-width: 1024px) 100vw, 1024px\" \/><\/figure>\n<\/div>\n<\/div>\n\n\n\n<hr class=\"wp-block-separator has-alpha-channel-opacity\"\/>\n\n\n\n<div class=\"wp-block-columns is-layout-flex wp-container-core-columns-is-layout-28f84493 wp-block-columns-is-layout-flex\">\n<div class=\"wp-block-column is-layout-flow wp-block-column-is-layout-flow\" style=\"flex-basis:75%\">\n<p><strong><a rel=\"noreferrer noopener\" href=\"https:\/\/haseundigel.com\/\" data-type=\"URL\" data-id=\"https:\/\/haseundigel.com\/\" target=\"_blank\">HASE &amp; IGEL<\/a><\/strong>, das \"innovativste Technologieunternehmen bis 100 Mitarbeiter in DACH\" (German Stevie Awards 2022 &amp; 2023) und das \"innovativste KI Startup der Welt\" (International Business Awards 2023) ist spezialisiert auf KI-gest\u00fctzte Cloud-Software zur Datenerhebung, -integration und -analyse zur Entscheidungsfindung im Markt.<\/p>\n\n\n\n<p>In ATTENTION! erhebt und integriert HASE &amp; IGEL Verhaltens-, Unternehmens- und Falldaten aus dem Internet, analysiert per KI komplexe Muster und entwickelt die Software f\u00fcr den SaaS Prototypen.<\/p>\n<\/div>\n\n\n\n<div class=\"wp-block-column is-vertically-aligned-center is-layout-flow wp-block-column-is-layout-flow\" style=\"flex-basis:25%\">\n<figure class=\"wp-block-image alignright size-full\"><img loading=\"lazy\" decoding=\"async\" width=\"300\" height=\"279\" src=\"https:\/\/attention-project.eu\/wp-content\/uploads\/2022\/08\/hase_und_igel.jpg\" alt=\"HASE &amp; IGEL\" class=\"wp-image-124\" srcset=\"https:\/\/attention-project.eu\/wp-content\/uploads\/2022\/08\/hase_und_igel.jpg 300w, https:\/\/attention-project.eu\/wp-content\/uploads\/2022\/08\/hase_und_igel-13x12.jpg 13w\" sizes=\"auto, (max-width: 300px) 100vw, 300px\" \/><\/figure>\n<\/div>\n<\/div>\n\n\n\n<hr class=\"wp-block-separator has-alpha-channel-opacity\"\/>\n\n\n\n<div class=\"wp-block-columns is-layout-flex wp-container-core-columns-is-layout-28f84493 wp-block-columns-is-layout-flex\">\n<div class=\"wp-block-column is-layout-flow wp-block-column-is-layout-flow\" style=\"flex-basis:75%\">\n<p><strong><a rel=\"noreferrer noopener\" href=\"https:\/\/www.schaeffler.de\/en\/\" data-type=\"URL\" data-id=\"https:\/\/www.schaeffler.de\/en\/\" target=\"_blank\">SCHAEFFLER<\/a><\/strong> ist eines der weltweit f\u00fchrenden Unternehmen f\u00fcr Kugellager in der Automobil, Luftfahrt- und weiteren Industrien und bietet damit zusammenh\u00e4ngende Dienstleistungen an. SCHAEFFLER investiert erhebliche Ressuourcen, um Produktpiraterie und Betrug entlang der Lieferkette zu erkennen und zu bek\u00e4mpfen.<\/p>\n\n\n\n<p>SCHAEFFLERs tiefe Erfahrung mit Produkt- und Markenpiraterie hilft bei ATTENTION! die Datenanalysen \u00fcber die verschiedenen Quellen auf die richtigen Muster auszurichten.<\/p>\n<\/div>\n\n\n\n<div class=\"wp-block-column is-vertically-aligned-center is-layout-flow wp-block-column-is-layout-flow\" style=\"flex-basis:25%\">\n<figure class=\"wp-block-image alignright size-full is-resized\"><img loading=\"lazy\" decoding=\"async\" width=\"615\" height=\"68\" src=\"https:\/\/attention-project.eu\/wp-content\/uploads\/2022\/08\/schaeffler.png\" alt=\"SCHAEFFLER\" class=\"wp-image-125\" style=\"width:184px;height:20px\" srcset=\"https:\/\/attention-project.eu\/wp-content\/uploads\/2022\/08\/schaeffler.png 615w, https:\/\/attention-project.eu\/wp-content\/uploads\/2022\/08\/schaeffler-300x33.png 300w, https:\/\/attention-project.eu\/wp-content\/uploads\/2022\/08\/schaeffler-18x2.png 18w\" sizes=\"auto, (max-width: 615px) 100vw, 615px\" \/><\/figure>\n<\/div>\n<\/div>\n\n\n\n<hr class=\"wp-block-separator has-alpha-channel-opacity\"\/>\n\n\n\n<div class=\"wp-block-columns is-layout-flex wp-container-core-columns-is-layout-28f84493 wp-block-columns-is-layout-flex\">\n<div class=\"wp-block-column is-layout-flow wp-block-column-is-layout-flow\" style=\"flex-basis:75%\">\n<p>Die Universit\u00e4t Bonn (UBO) ist seit 2019 Exzellenzuniversit\u00e4t mit sechs Exzellenzcklustern. Die Forschungsgruppe <strong><a rel=\"noreferrer noopener\" href=\"https:\/\/www.iai.uni-bonn.de\/en\/research-groups\/dsis\/\" data-type=\"URL\" data-id=\"https:\/\/www.iai.uni-bonn.de\/en\/research-groups\/dsis\/\" target=\"_blank\">Data Science &amp; Intelligent Systems (DSIS)<\/a><\/strong> arbeitet in zahlreichen EU, DFG und national Projects in den Bereichen der r\u00e4umlich-zeitlichen Datenanalysen, des Machine Learnings und der Knowledge Graphen. <\/p>\n\n\n\n<p>Im Rahmen von ATTENTION! entwickelt die DSIS neuartige Modelle f\u00fcr Data Mining und Mustererkennung in Finanz- und Handelsdaten.<\/p>\n<\/div>\n\n\n\n<div class=\"wp-block-column is-vertically-aligned-center is-layout-flow wp-block-column-is-layout-flow\" style=\"flex-basis:25%\">\n<figure class=\"wp-block-image alignright size-full\"><img loading=\"lazy\" decoding=\"async\" width=\"196\" height=\"78\" src=\"https:\/\/attention-project.eu\/wp-content\/uploads\/2022\/08\/uni_bonn.png\" alt=\"Universit\u00e4t Bonn\" class=\"wp-image-127\" srcset=\"https:\/\/attention-project.eu\/wp-content\/uploads\/2022\/08\/uni_bonn.png 196w, https:\/\/attention-project.eu\/wp-content\/uploads\/2022\/08\/uni_bonn-18x7.png 18w\" sizes=\"auto, (max-width: 196px) 100vw, 196px\" \/><\/figure>\n\n\n\n<figure class=\"wp-block-image alignright size-full\"><img loading=\"lazy\" decoding=\"async\" width=\"811\" height=\"326\" src=\"https:\/\/attention-project.eu\/wp-content\/uploads\/2023\/08\/dsis.png\" alt=\"\" class=\"wp-image-308\" srcset=\"https:\/\/attention-project.eu\/wp-content\/uploads\/2023\/08\/dsis.png 811w, https:\/\/attention-project.eu\/wp-content\/uploads\/2023\/08\/dsis-300x121.png 300w, https:\/\/attention-project.eu\/wp-content\/uploads\/2023\/08\/dsis-768x309.png 768w, https:\/\/attention-project.eu\/wp-content\/uploads\/2023\/08\/dsis-18x7.png 18w\" sizes=\"auto, (max-width: 811px) 100vw, 811px\" \/><\/figure>\n<\/div>\n<\/div>\n\n\n\n<hr class=\"wp-block-separator has-alpha-channel-opacity\"\/>\n\n\n\n<div class=\"wp-block-columns is-layout-flex wp-container-core-columns-is-layout-28f84493 wp-block-columns-is-layout-flex\">\n<div class=\"wp-block-column is-layout-flow wp-block-column-is-layout-flow\" style=\"flex-basis:75%\">\n<p><a rel=\"noreferrer noopener\" href=\"https:\/\/www.stihl.com\/\" target=\"_blank\"><strong>Die STIHL Gruppe<\/strong><\/a> entwickelt, fertigt und vermarktet motorbetriebene Ausr\u00fcstung f\u00fcr die Land- und Forstwirtschaft, Landschaftsg\u00e4rtnerei, das Baugewerbe sowie Hobbyg\u00e4rtner. Digitale L\u00f6sungen und Dienstleistungen erg\u00e4nzen die Produktpalette. Seit 1971 ist STIHL durchgehend die weltweit meistverkaufte Marke f\u00fcr Kettens\u00e4gen.<\/p>\n\n\n\n<p>In ATTENTION stellt STIHL Daten und Fallgeschichten aus seiner langj\u00e4hrigen Erfahrung im Kampf gegen F\u00e4lschungen beriet und sieht gro\u00dfes Potenzial in diesem Projekt, den Kampf gegen F\u00e4lscher auf eine neue Ebene zu heben.<\/p>\n<\/div>\n\n\n\n<div class=\"wp-block-column is-vertically-aligned-center is-layout-flow wp-block-column-is-layout-flow\" style=\"flex-basis:25%\">\n<figure class=\"wp-block-image size-medium\"><img loading=\"lazy\" decoding=\"async\" width=\"300\" height=\"131\" src=\"https:\/\/attention-project.eu\/wp-content\/uploads\/2023\/09\/L-STIHL_LOGOBG-IC-001-300x131.jpg\" alt=\"stihl\" class=\"wp-image-321\" srcset=\"https:\/\/attention-project.eu\/wp-content\/uploads\/2023\/09\/L-STIHL_LOGOBG-IC-001-300x131.jpg 300w, https:\/\/attention-project.eu\/wp-content\/uploads\/2023\/09\/L-STIHL_LOGOBG-IC-001-1024x448.jpg 1024w, https:\/\/attention-project.eu\/wp-content\/uploads\/2023\/09\/L-STIHL_LOGOBG-IC-001-768x336.jpg 768w, https:\/\/attention-project.eu\/wp-content\/uploads\/2023\/09\/L-STIHL_LOGOBG-IC-001-18x8.jpg 18w, https:\/\/attention-project.eu\/wp-content\/uploads\/2023\/09\/L-STIHL_LOGOBG-IC-001.jpg 1512w\" sizes=\"auto, (max-width: 300px) 100vw, 300px\" \/><\/figure>\n<\/div>\n<\/div>\n\n\n\n<p><\/p>\n\n\n\n<hr class=\"wp-block-separator has-alpha-channel-opacity\"\/>\n\n\n\n<div class=\"wp-block-columns is-layout-flex wp-container-core-columns-is-layout-28f84493 wp-block-columns-is-layout-flex\">\n<div class=\"wp-block-column is-layout-flow wp-block-column-is-layout-flow\" style=\"flex-basis:75%\">\n<p><a href=\"https:\/\/about.puma.com\/en\/this-is-puma\" data-type=\"link\" data-id=\"https:\/\/about.puma.com\/en\/this-is-puma\" target=\"_blank\" rel=\"noreferrer noopener\"><strong>PUMA<\/strong><\/a>s Erfolgsgeschichte dreht sich nicht nur darum, zur richtigen Zeit am richtigen Ort zu sein. Um in der obersten Liga zu spielen, braucht es ein Verst\u00e4ndnis f\u00fcr die Philosophie des Sports. Man muss immer schneller sein. PUMA wendet dieses Prinzip auch auf den Kampf gegen F\u00e4lschungen an und ist daher stets bereit, hier zu unterst\u00fctzen und damit auch seine Kunden zu besch\u00fctzen.<\/p>\n\n\n\n<p>PUMAs weltweite Erfahrung und umfassende Falldaten werden ATTENTION helfen, wichtige Erkenntnisse zu gewinnen.<\/p>\n<\/div>\n\n\n\n<div class=\"wp-block-column is-vertically-aligned-center is-layout-flow wp-block-column-is-layout-flow\" style=\"flex-basis:25%\">\n<figure class=\"wp-block-image size-large\"><img loading=\"lazy\" decoding=\"async\" width=\"1024\" height=\"548\" src=\"https:\/\/attention-project.eu\/wp-content\/uploads\/2023\/11\/2560px-Puma_Logo.svg_-1024x548.png\" alt=\"\" class=\"wp-image-330\" srcset=\"https:\/\/attention-project.eu\/wp-content\/uploads\/2023\/11\/2560px-Puma_Logo.svg_-1024x548.png 1024w, https:\/\/attention-project.eu\/wp-content\/uploads\/2023\/11\/2560px-Puma_Logo.svg_-300x161.png 300w, https:\/\/attention-project.eu\/wp-content\/uploads\/2023\/11\/2560px-Puma_Logo.svg_-768x411.png 768w, https:\/\/attention-project.eu\/wp-content\/uploads\/2023\/11\/2560px-Puma_Logo.svg_-1536x822.png 1536w, https:\/\/attention-project.eu\/wp-content\/uploads\/2023\/11\/2560px-Puma_Logo.svg_-2048x1096.png 2048w, https:\/\/attention-project.eu\/wp-content\/uploads\/2023\/11\/2560px-Puma_Logo.svg_-18x10.png 18w, https:\/\/attention-project.eu\/wp-content\/uploads\/2023\/11\/2560px-Puma_Logo.svg_-1429x765.png 1429w\" sizes=\"auto, (max-width: 1024px) 100vw, 1024px\" \/><\/figure>\n<\/div>\n<\/div>","protected":false},"excerpt":{"rendered":"<p>Risikotek is an award winning software and services company, specialized in providing intelligence about financial crime and predicate offenses such [&hellip;]<\/p>","protected":false},"author":2,"featured_media":0,"parent":46,"menu_order":0,"comment_status":"closed","ping_status":"closed","template":"page-fullwidth","meta":{"footnotes":""},"class_list":["post-32","page","type-page","status-publish","hentry"],"_links":{"self":[{"href":"https:\/\/attention-project.eu\/de\/wp-json\/wp\/v2\/pages\/32","targetHints":{"allow":["GET"]}}],"collection":[{"href":"https:\/\/attention-project.eu\/de\/wp-json\/wp\/v2\/pages"}],"about":[{"href":"https:\/\/attention-project.eu\/de\/wp-json\/wp\/v2\/types\/page"}],"author":[{"embeddable":true,"href":"https:\/\/attention-project.eu\/de\/wp-json\/wp\/v2\/users\/2"}],"replies":[{"embeddable":true,"href":"https:\/\/attention-project.eu\/de\/wp-json\/wp\/v2\/comments?post=32"}],"version-history":[{"count":30,"href":"https:\/\/attention-project.eu\/de\/wp-json\/wp\/v2\/pages\/32\/revisions"}],"predecessor-version":[{"id":332,"href":"https:\/\/attention-project.eu\/de\/wp-json\/wp\/v2\/pages\/32\/revisions\/332"}],"up":[{"embeddable":true,"href":"https:\/\/attention-project.eu\/de\/wp-json\/wp\/v2\/pages\/46"}],"wp:attachment":[{"href":"https:\/\/attention-project.eu\/de\/wp-json\/wp\/v2\/media?parent=32"}],"curies":[{"name":"wp","href":"https:\/\/api.w.org\/{rel}","templated":true}]}}