{"id":46,"date":"2022-08-22T16:33:57","date_gmt":"2022-08-22T16:33:57","guid":{"rendered":"https:\/\/attention-project.eu\/?page_id=46"},"modified":"2022-10-12T20:08:55","modified_gmt":"2022-10-12T20:08:55","slug":"attention","status":"publish","type":"page","link":"https:\/\/attention-project.eu\/de\/","title":{"rendered":"Der Fokus von ATTENTION!"},"content":{"rendered":"<h2 class=\"wp-block-heading\">Ein KI-unterst\u00fctztes System f\u00fcr die Detektion und Verfolgung illegaler Handelsaktivit\u00e4ten<\/h2>\n\n\n\n<div class=\"wp-block-media-text is-vertically-aligned-center max-width:50px;\" style=\"grid-template-columns:15% auto\"><figure class=\"wp-block-media-text__media\"><img loading=\"lazy\" decoding=\"async\" width=\"202\" height=\"202\" src=\"https:\/\/attention-project.eu\/wp-content\/uploads\/2022\/10\/icon1.png\" alt=\"\" class=\"wp-image-186 size-full\" srcset=\"https:\/\/attention-project.eu\/wp-content\/uploads\/2022\/10\/icon1.png 202w, https:\/\/attention-project.eu\/wp-content\/uploads\/2022\/10\/icon1-150x150.png 150w, https:\/\/attention-project.eu\/wp-content\/uploads\/2022\/10\/icon1-12x12.png 12w\" sizes=\"auto, (max-width: 202px) 100vw, 202px\" \/><\/figure><div class=\"wp-block-media-text__content\">\n<p>Illegale Handelspraktiken sind ein Problem von massiver Tragweite. Schmuggel, F\u00e4lschungen, inkorrekte Rechnungen und Geldw\u00e4sche bringen Staaten und Gesellschaften um Steuern, versto\u00dfen gegen Markenrecte und Patente, schaden der Produktsicherheit - und finanzieren das organisierte Verbrechen. Global Financial Integrity stellten \u00fcber 10 Jahre einen Fehlbetrag durch solche Aktivit\u00e4ten in H\u00f6he von 8,7 Billionen US-Dollar fest, der letztendlich in kriminelle Unterfangen flie\u00dft. Dennoch ist die Aufkl\u00e4rungsquote beinahe null.<\/p>\n<\/div><\/div>\n\n\n\n<div class=\"wp-block-media-text has-media-on-the-right\" style=\"grid-template-columns:auto 15%\"><figure class=\"wp-block-media-text__media\"><img loading=\"lazy\" decoding=\"async\" width=\"512\" height=\"512\" src=\"https:\/\/attention-project.eu\/wp-content\/uploads\/2022\/10\/icon2.png\" alt=\"\" class=\"wp-image-185 size-full\" srcset=\"https:\/\/attention-project.eu\/wp-content\/uploads\/2022\/10\/icon2.png 512w, https:\/\/attention-project.eu\/wp-content\/uploads\/2022\/10\/icon2-300x300.png 300w, https:\/\/attention-project.eu\/wp-content\/uploads\/2022\/10\/icon2-150x150.png 150w, https:\/\/attention-project.eu\/wp-content\/uploads\/2022\/10\/icon2-12x12.png 12w\" sizes=\"auto, (max-width: 512px) 100vw, 512px\" \/><\/figure><div class=\"wp-block-media-text__content\">\n<p>Bisher gibt es sehr weniger Instrumente, die in der Lage sind, illegalen Handel im gro\u00dfen Stil und jene, die ihn betreiben, zu entdecken. Ermittlungen sind zeit- und kostenintensiv. Die Strafverfolgung ist oft auf Hinweisgeber angewiesen w\u00e4hrend der Zoll Zufallsstichproben kontrolliert. Weltweit fehlt ein wissenschaftliches Verst\u00e4ndnis davon, wie kriminelle Transaktionen bemerkt werden k\u00f6nnen, welchen Mustern sie folgen und wie die Netzwerke hinter ihnen aufgedeckt und verfolgt werden k\u00f6nnen.<\/p>\n<\/div><\/div>\n\n\n\n<div class=\"wp-block-media-text\" style=\"grid-template-columns:15% auto\"><figure class=\"wp-block-media-text__media\"><img loading=\"lazy\" decoding=\"async\" width=\"512\" height=\"512\" src=\"https:\/\/attention-project.eu\/wp-content\/uploads\/2022\/10\/icon12.png\" alt=\"\" class=\"wp-image-190 size-full\" srcset=\"https:\/\/attention-project.eu\/wp-content\/uploads\/2022\/10\/icon12.png 512w, https:\/\/attention-project.eu\/wp-content\/uploads\/2022\/10\/icon12-300x300.png 300w, https:\/\/attention-project.eu\/wp-content\/uploads\/2022\/10\/icon12-150x150.png 150w, https:\/\/attention-project.eu\/wp-content\/uploads\/2022\/10\/icon12-12x12.png 12w\" sizes=\"auto, (max-width: 512px) 100vw, 512px\" \/><\/figure><div class=\"wp-block-media-text__content\">\n<p>Das Projekt ATTENTION! analysiert die weltgr\u00f6\u00dfte Im- und Exportdatenbank zusammen mit umfangreichen Inhalts- und Metadaten aus dem Internet. ATTENTION! wird Machine Learning Modelle entwickeln, die die Muster illegaler Handelsaktivit\u00e4ten verstehen und auffinden und jene, die dahinter stecken mitsamt ihrer Unterst\u00fctzungssysteme offenlegen.<\/p>\n\n\n\n<p>Die Handelsaktivit\u00e4ten aus mehr als vierzig L\u00e4ndern \u00fcber sechs Jahre hinweg werden umfassend analysiert um sicherzustellen, dass alle bekannten Methoden des Schmuggels und anderer Handelsvergehen in die KI und ML Modelle einbezogen werden. Zudem wird das Internet nach erkannten Mustern durchsucht, um neue F\u00e4lle zu finden und die Netzwerke der Kriminellen und ihrer \u00d6kosysteme aufzudecken, in dem eine gro\u00dfe Bandbreite von 3rd Party Datenquellen zusammengef\u00fchrt werden.<\/p>\n\n\n\n<p><strong>Das Endergebnis von ATTENTION! wird ein MVP sein f\u00fcr ein cloudbasiertes System, dass Unternehmen und Beh\u00f6rden hilft, illegitime Handelsaktivit\u00e4ten besser zu erkennen und gegen die Hinterm\u00e4nner vorzugehen.<\/strong><\/p>\n\n\n\n<p><\/p>\n<\/div><\/div>","protected":false},"excerpt":{"rendered":"<p>Building an AI-empowered system for the detection and persecution of illicit trade Illicit trade is a problem of massive scale. [&hellip;]<\/p>","protected":false},"author":2,"featured_media":0,"parent":0,"menu_order":0,"comment_status":"closed","ping_status":"closed","template":"","meta":{"footnotes":""},"class_list":["post-46","page","type-page","status-publish","hentry"],"_links":{"self":[{"href":"https:\/\/attention-project.eu\/de\/wp-json\/wp\/v2\/pages\/46","targetHints":{"allow":["GET"]}}],"collection":[{"href":"https:\/\/attention-project.eu\/de\/wp-json\/wp\/v2\/pages"}],"about":[{"href":"https:\/\/attention-project.eu\/de\/wp-json\/wp\/v2\/types\/page"}],"author":[{"embeddable":true,"href":"https:\/\/attention-project.eu\/de\/wp-json\/wp\/v2\/users\/2"}],"replies":[{"embeddable":true,"href":"https:\/\/attention-project.eu\/de\/wp-json\/wp\/v2\/comments?post=46"}],"version-history":[{"count":15,"href":"https:\/\/attention-project.eu\/de\/wp-json\/wp\/v2\/pages\/46\/revisions"}],"predecessor-version":[{"id":260,"href":"https:\/\/attention-project.eu\/de\/wp-json\/wp\/v2\/pages\/46\/revisions\/260"}],"wp:attachment":[{"href":"https:\/\/attention-project.eu\/de\/wp-json\/wp\/v2\/media?parent=46"}],"curies":[{"name":"wp","href":"https:\/\/api.w.org\/{rel}","templated":true}]}}